{"id":702,"date":"2019-12-03T12:00:07","date_gmt":"2019-12-03T14:00:07","guid":{"rendered":"http:\/\/namaste.eco.br\/?page_id=702"},"modified":"2021-05-16T12:50:54","modified_gmt":"2021-05-16T15:50:54","slug":"hospedagem","status":"publish","type":"page","link":"https:\/\/namaste.eco.br\/index.php\/hospedagem\/","title":{"rendered":"Hospedagem"},"content":{"rendered":"\n<div class=\"wp-block-group\"><div class=\"wp-block-group__inner-container is-layout-flow wp-block-group-is-layout-flow\">\n<p class=\"has-text-color\" style=\"color:#3d1804\">Com uma capacidade total de 230 pessoas, acomodamos at\u00e9 80 pessoas nas su\u00edtes e at\u00e9 150 pessoas na \u00e1rea de Camping, com estacionamento dentro do nosso espa\u00e7o.<\/p>\n\n\n\n<p class=\"has-text-color\" style=\"color:#3d1804\"><strong>SU\u00cdTES<\/strong><\/p>\n\n\n\n<p class=\"has-text-color\" style=\"color:#3d1804\">Temos 24 apartamentos (su\u00edtes) que acomodam entre 3 e 4 pessoas cada e capacidade total de 80 pessoas com ventilador, arm\u00e1rio, banheiro exclusivo, cozinha comunit\u00e1ria e garagem para um carro em frente ao quarto. Praticamos um estilo de hospedagem mais sustent\u00e1vel onde oferecemos apenas o len\u00e7ol de baixo (colch\u00e3o) e travesseiros com fronha sem custo, e sugerimos ao h\u00f3spede que traga sua pr\u00f3pria toalha e cobertor\/len\u00e7ol para se cobrir. Caso necessite, o h\u00f3spede pode alugar esses itens na recep\u00e7\u00e3o pagando uma taxa de R$5,00 por item.<\/p>\n\n\n\n<p class=\"has-text-color\" style=\"color:#3d1804\">Oferecemos servi\u00e7o de limpeza durante a estadia apenas nos pacotes com per\u00edodo m\u00ednimo de 6 di\u00e1rias ou em casos espec\u00edficos solicitados antecipadamente.<\/p>\n\n\n\n<p class=\"has-text-color\" style=\"color:#3d1804\"><strong>CAMPING<\/strong><\/p>\n\n\n\n<p class=\"has-text-color\" style=\"color:#3d1804\">A \u00e1rea de camping fica em meio ao bosque com muita sombra das \u00e1rvores nativas e tem capacidade total para at\u00e9 150 pessoas.&nbsp; Nossa estrutura possui 4 chuveiros, 5 banheiros, ilumina\u00e7\u00e3o exclusiva e cozinha comunit\u00e1ria.<\/p>\n\n\n\n<p class=\"has-text-color\" style=\"color:#3d1804\">Ainda n\u00e3o dispomos de tomadas pr\u00f3ximo das barracas para uso constante, por\u00e9m disponibilizamos tomadas na recep\u00e7\u00e3o para carga de celulares, computadores, baterias, entre outros, al\u00e9m de pontos de tomada pr\u00f3ximo aos banheiros, no sal\u00e3o e na cozinha comunit\u00e1ria para uso r\u00e1pido.<\/p>\n\n\n\n<p class=\"has-text-color\" style=\"color:#3d1804\">Contamos com estacionamento dentro do nosso espa\u00e7o bem pr\u00f3ximo ao local de camping.<\/p>\n\n\n\n<p><img data-recalc-dims=\"1\" loading=\"lazy\" decoding=\"async\" width=\"400\" height=\"267\" class=\"wp-image-703\" style=\"width: 400px;\" src=\"https:\/\/i0.wp.com\/namaste.eco.br\/wp-content\/uploads\/2019\/12\/IMG_9722.jpg?resize=400%2C267&#038;ssl=1\" alt=\"\" srcset=\"https:\/\/i0.wp.com\/namaste.eco.br\/wp-content\/uploads\/2019\/12\/IMG_9722.jpg?w=1500&amp;ssl=1 1500w, https:\/\/i0.wp.com\/namaste.eco.br\/wp-content\/uploads\/2019\/12\/IMG_9722.jpg?resize=300%2C200&amp;ssl=1 300w, https:\/\/i0.wp.com\/namaste.eco.br\/wp-content\/uploads\/2019\/12\/IMG_9722.jpg?resize=1024%2C683&amp;ssl=1 1024w, https:\/\/i0.wp.com\/namaste.eco.br\/wp-content\/uploads\/2019\/12\/IMG_9722.jpg?resize=768%2C512&amp;ssl=1 768w\" sizes=\"auto, (max-width: 400px) 100vw, 400px\" \/>          <img data-recalc-dims=\"1\" loading=\"lazy\" decoding=\"async\" width=\"400\" height=\"267\" class=\"wp-image-707\" style=\"width: 400px;\" src=\"https:\/\/i0.wp.com\/namaste.eco.br\/wp-content\/uploads\/2019\/12\/IMG_0169.jpg?resize=400%2C267&#038;ssl=1\" alt=\"\" srcset=\"https:\/\/i0.wp.com\/namaste.eco.br\/wp-content\/uploads\/2019\/12\/IMG_0169.jpg?w=1500&amp;ssl=1 1500w, https:\/\/i0.wp.com\/namaste.eco.br\/wp-content\/uploads\/2019\/12\/IMG_0169.jpg?resize=300%2C200&amp;ssl=1 300w, https:\/\/i0.wp.com\/namaste.eco.br\/wp-content\/uploads\/2019\/12\/IMG_0169.jpg?resize=1024%2C683&amp;ssl=1 1024w, https:\/\/i0.wp.com\/namaste.eco.br\/wp-content\/uploads\/2019\/12\/IMG_0169.jpg?resize=768%2C512&amp;ssl=1 768w\" sizes=\"auto, (max-width: 400px) 100vw, 400px\" \/><\/p>\n<\/div><\/div>\n\n\n\n<p><\/p>\n","protected":false},"excerpt":{"rendered":"<p>Com uma capacidade total de 230 pessoas, acomodamos at\u00e9 80 pessoas nas su\u00edtes e at\u00e9 150 pessoas na \u00e1rea de Camping, com estacionamento dentro do nosso espa\u00e7o. SU\u00cdTES Temos 24 apartamentos (su\u00edtes) que acomodam entre 3 e 4 pessoas cada e capacidade total de 80 pessoas com ventilador, arm\u00e1rio, banheiro exclusivo, cozinha comunit\u00e1ria e garagem [&hellip;]<\/p>\n","protected":false},"author":2,"featured_media":0,"parent":0,"menu_order":0,"comment_status":"closed","ping_status":"closed","template":"","meta":{"jetpack_post_was_ever_published":false,"footnotes":""},"class_list":["post-702","page","type-page","status-publish","hentry"],"jetpack_sharing_enabled":true,"jetpack_likes_enabled":true,"jetpack-related-posts":[{"id":2,"url":"https:\/\/namaste.eco.br\/index.php\/quemsomos\/","url_meta":{"origin":702,"position":0},"title":"Quem somos?","author":"Fernando Oliveira","date":"29 de outubro de 2019","format":false,"excerpt":"A Namast\u00ea \u00e9 um Espa\u00e7o Multicultural localizado a 300 metros da praia na Comunidade Cai\u00e7ara do Boqueir\u00e3o Sul, munic\u00edpio de Ilha Comprida (SP). Gerido por um coletivo de Artistas, Produtores Culturais e Ativistas Ecol\u00f3gicos, desde 2011 tem como objetivo oferecer um turismo de experi\u00eancia, interagindo entre hospedagem e espa\u00e7o cultural.\u2026","rel":"","context":"Post similar","block_context":{"text":"Post similar","link":""},"img":{"alt_text":"","src":"https:\/\/i0.wp.com\/namaste.eco.br\/wp-content\/uploads\/2019\/11\/68247575_2575068905888703_6962315056818159616_n.jpg?fit=960%2C639&ssl=1&resize=350%2C200","width":350,"height":200,"srcset":"https:\/\/i0.wp.com\/namaste.eco.br\/wp-content\/uploads\/2019\/11\/68247575_2575068905888703_6962315056818159616_n.jpg?fit=960%2C639&ssl=1&resize=350%2C200 1x, https:\/\/i0.wp.com\/namaste.eco.br\/wp-content\/uploads\/2019\/11\/68247575_2575068905888703_6962315056818159616_n.jpg?fit=960%2C639&ssl=1&resize=525%2C300 1.5x, https:\/\/i0.wp.com\/namaste.eco.br\/wp-content\/uploads\/2019\/11\/68247575_2575068905888703_6962315056818159616_n.jpg?fit=960%2C639&ssl=1&resize=700%2C400 2x"},"classes":[]},{"id":736,"url":"https:\/\/namaste.eco.br\/index.php\/contato-reservas\/","url_meta":{"origin":702,"position":1},"title":"Contato\/Reservas","author":"Fernando Oliveira","date":"3 de dezembro de 2019","format":false,"excerpt":"Voc\u00ea pode solicitar o seu or\u00e7amento atrav\u00e9s dos nossos canais de comunica\u00e7\u00e3o: E-mail : pousada.namaste@hotmail.com Telefone\/Whatsapp: +55 13 98168-8868 Para um atendimento mais \u00e1gil, voc\u00ea pode enviar as seguintes informa\u00e7\u00f5es: \u00b7 \u00a0 \u00a0 \u00a0 \u00a0 Datas de Entrada e Sa\u00edda; \u00b7 \u00a0 \u00a0 \u00a0 \u00a0 Quantidade de pessoas (caso haja\u2026","rel":"","context":"Post similar","block_context":{"text":"Post similar","link":""},"img":{"alt_text":"","src":"https:\/\/i0.wp.com\/namaste.eco.br\/wp-content\/uploads\/2019\/12\/IMG_9676.jpg?resize=350%2C200","width":350,"height":200,"srcset":"https:\/\/i0.wp.com\/namaste.eco.br\/wp-content\/uploads\/2019\/12\/IMG_9676.jpg?resize=350%2C200 1x, https:\/\/i0.wp.com\/namaste.eco.br\/wp-content\/uploads\/2019\/12\/IMG_9676.jpg?resize=525%2C300 1.5x, https:\/\/i0.wp.com\/namaste.eco.br\/wp-content\/uploads\/2019\/12\/IMG_9676.jpg?resize=700%2C400 2x, https:\/\/i0.wp.com\/namaste.eco.br\/wp-content\/uploads\/2019\/12\/IMG_9676.jpg?resize=1050%2C600 3x, https:\/\/i0.wp.com\/namaste.eco.br\/wp-content\/uploads\/2019\/12\/IMG_9676.jpg?resize=1400%2C800 4x"},"classes":[]},{"id":157,"url":"https:\/\/namaste.eco.br\/","url_meta":{"origin":702,"position":2},"title":"Front Page","author":"Fernando Oliveira","date":"19 de novembro de 2019","format":false,"excerpt":"Quem somos e o que fazemos? Fundado em 2011, somos um espa\u00e7o multicultural localizado na Comunidade Cai\u00e7ara do Boqueir\u00e3o Sul, munic\u00edpio de Ilha Comprida, litoral sul do Estado de S\u00e3o Paulo (SP). Propomos roteiros de turismo de experi\u00eancia em meio a natureza e a cultura regional, ofertando diferentes op\u00e7\u00f5es de\u2026","rel":"","context":"Post similar","block_context":{"text":"Post similar","link":""},"img":{"alt_text":"","src":"https:\/\/i0.wp.com\/namaste.eco.br\/wp-content\/uploads\/2019\/11\/cropped-19055801_1528830047179266_1138609371506956682_o.jpg?resize=350%2C200","width":350,"height":200,"srcset":"https:\/\/i0.wp.com\/namaste.eco.br\/wp-content\/uploads\/2019\/11\/cropped-19055801_1528830047179266_1138609371506956682_o.jpg?resize=350%2C200 1x, https:\/\/i0.wp.com\/namaste.eco.br\/wp-content\/uploads\/2019\/11\/cropped-19055801_1528830047179266_1138609371506956682_o.jpg?resize=525%2C300 1.5x"},"classes":[]},{"id":732,"url":"https:\/\/namaste.eco.br\/index.php\/turismo\/","url_meta":{"origin":702,"position":3},"title":"Turismo","author":"Fernando Oliveira","date":"3 de dezembro de 2019","format":false,"excerpt":"Nosso objetivo \u00e9 um turismo de Experi\u00eancia, interagindo entre hospedagem e espa\u00e7o cultural, dispomos de exposi\u00e7\u00e3o art\u00edstica permanente, calend\u00e1rio com eventos culturais, oficinas e viv\u00eancias variadas. Aceitamos parcerias com projetos que compactuam com a nossa proposta.","rel":"","context":"Post similar","block_context":{"text":"Post similar","link":""},"img":{"alt_text":"","src":"https:\/\/i0.wp.com\/namaste.eco.br\/wp-content\/uploads\/2019\/12\/NGE6976-scaled.jpg?resize=350%2C200","width":350,"height":200,"srcset":"https:\/\/i0.wp.com\/namaste.eco.br\/wp-content\/uploads\/2019\/12\/NGE6976-scaled.jpg?resize=350%2C200 1x, https:\/\/i0.wp.com\/namaste.eco.br\/wp-content\/uploads\/2019\/12\/NGE6976-scaled.jpg?resize=525%2C300 1.5x, https:\/\/i0.wp.com\/namaste.eco.br\/wp-content\/uploads\/2019\/12\/NGE6976-scaled.jpg?resize=700%2C400 2x, https:\/\/i0.wp.com\/namaste.eco.br\/wp-content\/uploads\/2019\/12\/NGE6976-scaled.jpg?resize=1050%2C600 3x, https:\/\/i0.wp.com\/namaste.eco.br\/wp-content\/uploads\/2019\/12\/NGE6976-scaled.jpg?resize=1400%2C800 4x"},"classes":[]},{"id":715,"url":"https:\/\/namaste.eco.br\/index.php\/eventos\/","url_meta":{"origin":702,"position":4},"title":"Eventos","author":"Fernando Oliveira","date":"3 de dezembro de 2019","format":false,"excerpt":"Nosso espa\u00e7o \u00e9 ideal para a realiza\u00e7\u00e3o de eventos na natureza em meio a um lindo bosque de \u00e1rvores nativas e numa dist\u00e2ncia de 300 metros da praia. Temos uma estrutura externa de BioConstru\u00e7\u00e3o coberta que comporta uma m\u00e9dia de X pessoas sentadas em modelo audit\u00f3rio, X pessoas sentadas em\u2026","rel":"","context":"Post similar","block_context":{"text":"Post similar","link":""},"img":{"alt_text":"","src":"https:\/\/i0.wp.com\/namaste.eco.br\/wp-content\/uploads\/2019\/12\/NGE5369-1-scaled.jpg?resize=350%2C200","width":350,"height":200,"srcset":"https:\/\/i0.wp.com\/namaste.eco.br\/wp-content\/uploads\/2019\/12\/NGE5369-1-scaled.jpg?resize=350%2C200 1x, https:\/\/i0.wp.com\/namaste.eco.br\/wp-content\/uploads\/2019\/12\/NGE5369-1-scaled.jpg?resize=525%2C300 1.5x, https:\/\/i0.wp.com\/namaste.eco.br\/wp-content\/uploads\/2019\/12\/NGE5369-1-scaled.jpg?resize=700%2C400 2x, https:\/\/i0.wp.com\/namaste.eco.br\/wp-content\/uploads\/2019\/12\/NGE5369-1-scaled.jpg?resize=1050%2C600 3x, https:\/\/i0.wp.com\/namaste.eco.br\/wp-content\/uploads\/2019\/12\/NGE5369-1-scaled.jpg?resize=1400%2C800 4x"},"classes":[]},{"id":727,"url":"https:\/\/namaste.eco.br\/index.php\/coworking\/","url_meta":{"origin":702,"position":5},"title":"Coworking","author":"Fernando Oliveira","date":"3 de dezembro de 2019","format":false,"excerpt":"Observando essa nova gera\u00e7\u00e3o de n\u00f4mades digitais e o avan\u00e7o do home office, o Coworking Namast\u00ea nasceu da vontade de conectar uma rede de profissionais e projetos com prop\u00f3sito que trabalham remotamente, onde as pessoas t\u00eam liberdade de escolher o seu ambiente de trabalho, mesmo longe das grandes cidades. Pensando\u2026","rel":"","context":"Post similar","block_context":{"text":"Post similar","link":""},"img":{"alt_text":"","src":"https:\/\/i0.wp.com\/namaste.eco.br\/wp-content\/uploads\/2019\/12\/IMG_2350-1-scaled.jpg?resize=350%2C200","width":350,"height":200,"srcset":"https:\/\/i0.wp.com\/namaste.eco.br\/wp-content\/uploads\/2019\/12\/IMG_2350-1-scaled.jpg?resize=350%2C200 1x, https:\/\/i0.wp.com\/namaste.eco.br\/wp-content\/uploads\/2019\/12\/IMG_2350-1-scaled.jpg?resize=525%2C300 1.5x, https:\/\/i0.wp.com\/namaste.eco.br\/wp-content\/uploads\/2019\/12\/IMG_2350-1-scaled.jpg?resize=700%2C400 2x, https:\/\/i0.wp.com\/namaste.eco.br\/wp-content\/uploads\/2019\/12\/IMG_2350-1-scaled.jpg?resize=1050%2C600 3x, https:\/\/i0.wp.com\/namaste.eco.br\/wp-content\/uploads\/2019\/12\/IMG_2350-1-scaled.jpg?resize=1400%2C800 4x"},"classes":[]}],"jetpack_shortlink":"https:\/\/wp.me\/PbpOwH-bk","_links":{"self":[{"href":"https:\/\/namaste.eco.br\/index.php\/wp-json\/wp\/v2\/pages\/702","targetHints":{"allow":["GET"]}}],"collection":[{"href":"https:\/\/namaste.eco.br\/index.php\/wp-json\/wp\/v2\/pages"}],"about":[{"href":"https:\/\/namaste.eco.br\/index.php\/wp-json\/wp\/v2\/types\/page"}],"author":[{"embeddable":true,"href":"https:\/\/namaste.eco.br\/index.php\/wp-json\/wp\/v2\/users\/2"}],"replies":[{"embeddable":true,"href":"https:\/\/namaste.eco.br\/index.php\/wp-json\/wp\/v2\/comments?post=702"}],"version-history":[{"count":0,"href":"https:\/\/namaste.eco.br\/index.php\/wp-json\/wp\/v2\/pages\/702\/revisions"}],"wp:attachment":[{"href":"https:\/\/namaste.eco.br\/index.php\/wp-json\/wp\/v2\/media?parent=702"}],"curies":[{"name":"wp","href":"https:\/\/api.w.org\/{rel}","templated":true}]}}