{"id":727,"date":"2019-12-03T12:47:40","date_gmt":"2019-12-03T14:47:40","guid":{"rendered":"http:\/\/namaste.eco.br\/?page_id=727"},"modified":"2021-05-31T09:30:36","modified_gmt":"2021-05-31T12:30:36","slug":"coworking","status":"publish","type":"page","link":"https:\/\/namaste.eco.br\/index.php\/coworking\/","title":{"rendered":"Coworking"},"content":{"rendered":"\n<p class=\"has-text-align-center\"><img data-recalc-dims=\"1\" loading=\"lazy\" decoding=\"async\" width=\"600\" height=\"400\" class=\"wp-image-729\" style=\"width: 600px;\" src=\"https:\/\/i0.wp.com\/namaste.eco.br\/wp-content\/uploads\/2019\/12\/IMG_2350-1-scaled.jpg?resize=600%2C400&#038;ssl=1\" alt=\"\" srcset=\"https:\/\/i0.wp.com\/namaste.eco.br\/wp-content\/uploads\/2019\/12\/IMG_2350-1-scaled.jpg?w=2560&amp;ssl=1 2560w, https:\/\/i0.wp.com\/namaste.eco.br\/wp-content\/uploads\/2019\/12\/IMG_2350-1-scaled.jpg?resize=300%2C200&amp;ssl=1 300w, https:\/\/i0.wp.com\/namaste.eco.br\/wp-content\/uploads\/2019\/12\/IMG_2350-1-scaled.jpg?resize=1024%2C683&amp;ssl=1 1024w, https:\/\/i0.wp.com\/namaste.eco.br\/wp-content\/uploads\/2019\/12\/IMG_2350-1-scaled.jpg?resize=768%2C512&amp;ssl=1 768w, https:\/\/i0.wp.com\/namaste.eco.br\/wp-content\/uploads\/2019\/12\/IMG_2350-1-scaled.jpg?resize=1536%2C1024&amp;ssl=1 1536w, https:\/\/i0.wp.com\/namaste.eco.br\/wp-content\/uploads\/2019\/12\/IMG_2350-1-scaled.jpg?resize=2048%2C1365&amp;ssl=1 2048w\" sizes=\"auto, (max-width: 600px) 100vw, 600px\" \/><\/p>\n\n\n\n<p class=\"has-text-color\" style=\"color:#3d1804\">Observando essa nova gera\u00e7\u00e3o de n\u00f4mades digitais e o avan\u00e7o do home office, o Coworking Namast\u00ea nasceu da vontade de conectar uma rede de profissionais e projetos com prop\u00f3sito que trabalham remotamente, onde as pessoas t\u00eam liberdade de escolher o seu ambiente de trabalho, mesmo longe das grandes cidades.<\/p>\n\n\n\n<p class=\"has-text-color\" style=\"color:#3d1804\">Pensando nisso, temos dispon\u00edvel um bom sinal de internet, ponto de energia, mesas e cadeiras, sendo a varanda externa do sal\u00e3o o espa\u00e7o principal de trabalho. Na parte interna fica dispon\u00edvel a quem precisa de mais tranquilidade para dar aulas, fazer atendimentos e reuni\u00f5es.<\/p>\n\n\n\n<p class=\"has-text-color\" style=\"color:#3d1804\">Al\u00e9m disso, estamos criando o novo espa\u00e7o de Coworking dentro da Namast\u00ea, com toda a estrutura e os aspectos de escrit\u00f3rio aliado a um ambiente l\u00fadico imerso na natureza da Mata Atl\u00e2ntica. Esse espa\u00e7o segue em processo de constru\u00e7\u00e3o e logo estar\u00e1 dispon\u00edvel para uso.<\/p>\n","protected":false},"excerpt":{"rendered":"<p>Observando essa nova gera\u00e7\u00e3o de n\u00f4mades digitais e o avan\u00e7o do home office, o Coworking Namast\u00ea nasceu da vontade de conectar uma rede de profissionais e projetos com prop\u00f3sito que trabalham remotamente, onde as pessoas t\u00eam liberdade de escolher o seu ambiente de trabalho, mesmo longe das grandes cidades. Pensando nisso, temos dispon\u00edvel um bom [&hellip;]<\/p>\n","protected":false},"author":2,"featured_media":0,"parent":0,"menu_order":0,"comment_status":"closed","ping_status":"closed","template":"","meta":{"jetpack_post_was_ever_published":false,"footnotes":""},"class_list":["post-727","page","type-page","status-publish","hentry"],"jetpack_sharing_enabled":true,"jetpack_likes_enabled":true,"jetpack-related-posts":[{"id":157,"url":"https:\/\/namaste.eco.br\/","url_meta":{"origin":727,"position":0},"title":"Front Page","author":"Fernando Oliveira","date":"19 de novembro de 2019","format":false,"excerpt":"Quem somos e o que fazemos? Fundado em 2011, somos um espa\u00e7o multicultural localizado na Comunidade Cai\u00e7ara do Boqueir\u00e3o Sul, munic\u00edpio de Ilha Comprida, litoral sul do Estado de S\u00e3o Paulo (SP). Propomos roteiros de turismo de experi\u00eancia em meio a natureza e a cultura regional, ofertando diferentes op\u00e7\u00f5es de\u2026","rel":"","context":"Post similar","block_context":{"text":"Post similar","link":""},"img":{"alt_text":"","src":"https:\/\/i0.wp.com\/namaste.eco.br\/wp-content\/uploads\/2019\/11\/cropped-19055801_1528830047179266_1138609371506956682_o.jpg?resize=350%2C200","width":350,"height":200,"srcset":"https:\/\/i0.wp.com\/namaste.eco.br\/wp-content\/uploads\/2019\/11\/cropped-19055801_1528830047179266_1138609371506956682_o.jpg?resize=350%2C200 1x, https:\/\/i0.wp.com\/namaste.eco.br\/wp-content\/uploads\/2019\/11\/cropped-19055801_1528830047179266_1138609371506956682_o.jpg?resize=525%2C300 1.5x"},"classes":[]},{"id":723,"url":"https:\/\/namaste.eco.br\/index.php\/galeria-de-artes\/","url_meta":{"origin":727,"position":1},"title":"Galeria de artes","author":"Fernando Oliveira","date":"3 de dezembro de 2019","format":false,"excerpt":"A galeria de artes surgiu organicamente com a chegada do projeto Namast\u00ea em Ilha Comprida. Durante sete anos trabalhando com projetos art\u00edsticos e culturais, o produtor Ricardo Almeida trouxe sua bagagem com arte vision\u00e1ria global. Abrigando acervo com variados estilos e formas, nossa galeria veio se transformando durante os anos\u2026","rel":"","context":"Post similar","block_context":{"text":"Post similar","link":""},"img":{"alt_text":"","src":"https:\/\/i0.wp.com\/namaste.eco.br\/wp-content\/uploads\/2019\/12\/expo_fandango_panoramica_baixa.jpg?resize=350%2C200","width":350,"height":200,"srcset":"https:\/\/i0.wp.com\/namaste.eco.br\/wp-content\/uploads\/2019\/12\/expo_fandango_panoramica_baixa.jpg?resize=350%2C200 1x, https:\/\/i0.wp.com\/namaste.eco.br\/wp-content\/uploads\/2019\/12\/expo_fandango_panoramica_baixa.jpg?resize=525%2C300 1.5x, https:\/\/i0.wp.com\/namaste.eco.br\/wp-content\/uploads\/2019\/12\/expo_fandango_panoramica_baixa.jpg?resize=700%2C400 2x"},"classes":[]},{"id":715,"url":"https:\/\/namaste.eco.br\/index.php\/eventos\/","url_meta":{"origin":727,"position":2},"title":"Eventos","author":"Fernando Oliveira","date":"3 de dezembro de 2019","format":false,"excerpt":"Nosso espa\u00e7o \u00e9 ideal para a realiza\u00e7\u00e3o de eventos na natureza em meio a um lindo bosque de \u00e1rvores nativas e numa dist\u00e2ncia de 300 metros da praia. Temos uma estrutura externa de BioConstru\u00e7\u00e3o coberta que comporta uma m\u00e9dia de X pessoas sentadas em modelo audit\u00f3rio, X pessoas sentadas em\u2026","rel":"","context":"Post similar","block_context":{"text":"Post similar","link":""},"img":{"alt_text":"","src":"https:\/\/i0.wp.com\/namaste.eco.br\/wp-content\/uploads\/2019\/12\/NGE5369-1-scaled.jpg?resize=350%2C200","width":350,"height":200,"srcset":"https:\/\/i0.wp.com\/namaste.eco.br\/wp-content\/uploads\/2019\/12\/NGE5369-1-scaled.jpg?resize=350%2C200 1x, https:\/\/i0.wp.com\/namaste.eco.br\/wp-content\/uploads\/2019\/12\/NGE5369-1-scaled.jpg?resize=525%2C300 1.5x, https:\/\/i0.wp.com\/namaste.eco.br\/wp-content\/uploads\/2019\/12\/NGE5369-1-scaled.jpg?resize=700%2C400 2x, https:\/\/i0.wp.com\/namaste.eco.br\/wp-content\/uploads\/2019\/12\/NGE5369-1-scaled.jpg?resize=1050%2C600 3x, https:\/\/i0.wp.com\/namaste.eco.br\/wp-content\/uploads\/2019\/12\/NGE5369-1-scaled.jpg?resize=1400%2C800 4x"},"classes":[]}],"jetpack_shortlink":"https:\/\/wp.me\/PbpOwH-bJ","_links":{"self":[{"href":"https:\/\/namaste.eco.br\/index.php\/wp-json\/wp\/v2\/pages\/727","targetHints":{"allow":["GET"]}}],"collection":[{"href":"https:\/\/namaste.eco.br\/index.php\/wp-json\/wp\/v2\/pages"}],"about":[{"href":"https:\/\/namaste.eco.br\/index.php\/wp-json\/wp\/v2\/types\/page"}],"author":[{"embeddable":true,"href":"https:\/\/namaste.eco.br\/index.php\/wp-json\/wp\/v2\/users\/2"}],"replies":[{"embeddable":true,"href":"https:\/\/namaste.eco.br\/index.php\/wp-json\/wp\/v2\/comments?post=727"}],"version-history":[{"count":0,"href":"https:\/\/namaste.eco.br\/index.php\/wp-json\/wp\/v2\/pages\/727\/revisions"}],"wp:attachment":[{"href":"https:\/\/namaste.eco.br\/index.php\/wp-json\/wp\/v2\/media?parent=727"}],"curies":[{"name":"wp","href":"https:\/\/api.w.org\/{rel}","templated":true}]}}