{"id":736,"date":"2019-12-03T12:59:42","date_gmt":"2019-12-03T14:59:42","guid":{"rendered":"http:\/\/namaste.eco.br\/?page_id=736"},"modified":"2021-05-17T19:13:12","modified_gmt":"2021-05-17T22:13:12","slug":"contato-reservas","status":"publish","type":"page","link":"https:\/\/namaste.eco.br\/index.php\/contato-reservas\/","title":{"rendered":"Contato\/Reservas"},"content":{"rendered":"\n<p class=\"has-text-align-center\"><img data-recalc-dims=\"1\" loading=\"lazy\" decoding=\"async\" width=\"400\" height=\"267\" class=\"wp-image-741\" style=\"width: 400px;\" src=\"https:\/\/i0.wp.com\/namaste.eco.br\/wp-content\/uploads\/2019\/12\/IMG_9676.jpg?resize=400%2C267&#038;ssl=1\" alt=\"\" srcset=\"https:\/\/i0.wp.com\/namaste.eco.br\/wp-content\/uploads\/2019\/12\/IMG_9676.jpg?w=1500&amp;ssl=1 1500w, https:\/\/i0.wp.com\/namaste.eco.br\/wp-content\/uploads\/2019\/12\/IMG_9676.jpg?resize=300%2C200&amp;ssl=1 300w, https:\/\/i0.wp.com\/namaste.eco.br\/wp-content\/uploads\/2019\/12\/IMG_9676.jpg?resize=1024%2C683&amp;ssl=1 1024w, https:\/\/i0.wp.com\/namaste.eco.br\/wp-content\/uploads\/2019\/12\/IMG_9676.jpg?resize=768%2C512&amp;ssl=1 768w\" sizes=\"auto, (max-width: 400px) 100vw, 400px\" \/><\/p>\n\n\n\n<p class=\"has-text-color\" style=\"color:#3d1804\">Voc\u00ea pode solicitar o seu or\u00e7amento atrav\u00e9s dos nossos canais de comunica\u00e7\u00e3o:<\/p>\n\n\n\n<p class=\"has-text-color\" style=\"color:#3d1804\"><strong>E-mail :<\/strong> <a href=\"mailto:pousada.namaste@hotmail.com\">pousada.namaste@hotmail.com<\/a><\/p>\n\n\n\n<p class=\"has-text-color\" style=\"color:#3d1804\"><strong>Telefone\/Whatsapp<\/strong>: <a rel=\"noreferrer noopener\" href=\"https:\/\/api.whatsapp.com\/send\/?phone=5513981688868&amp;text&amp;app_absent=0\" data-type=\"URL\" data-id=\"https:\/\/api.whatsapp.com\/send\/?phone=5513981688868&amp;text&amp;app_absent=0\" target=\"_blank\">+55 13 98168-8868<\/a><\/p>\n\n\n\n<p class=\"has-text-color\" style=\"color:#3d1804\">Para um atendimento mais \u00e1gil, voc\u00ea pode enviar as seguintes informa\u00e7\u00f5es:<\/p>\n\n\n\n<p class=\"has-text-color\" style=\"color:#3d1804\">\u00b7 &nbsp; &nbsp; &nbsp; &nbsp; Datas de Entrada e Sa\u00edda;<\/p>\n\n\n\n<p class=\"has-text-color\" style=\"color:#3d1804\">\u00b7 &nbsp; &nbsp; &nbsp; &nbsp; Quantidade de pessoas (caso haja crian\u00e7as informar idade);<\/p>\n\n\n\n<p class=\"has-text-color\" style=\"color:#3d1804\">\u00b7 &nbsp; &nbsp; &nbsp; &nbsp; Tipo de Hospedagem (su\u00edte ou camping).<\/p>\n\n\n\n<p class=\"has-text-color\" style=\"color:#3d1804\">A partir disso, voc\u00ea receber\u00e1 uma resposta com todas as informa\u00e7\u00f5es de funcionamento, valores e os dados banc\u00e1rios para realizar o pagamento de 50% do valor total. Ap\u00f3s realizar o pagamento \u00e9 necess\u00e1rio enviar o comprovante para receber a confirma\u00e7\u00e3o da reserva.<\/p>\n\n\n\n<p class=\"has-text-color\" style=\"color:#3d1804\">Confira todas as novidades nas nossas redes sociais:<\/p>\n\n\n\n<p class=\"has-text-color\" style=\"color:#3d1804\">Instagram \u2013 <a href=\"https:\/\/www.instagram.com\/namasteilha\/\" data-type=\"URL\" data-id=\"https:\/\/www.instagram.com\/namasteilha\/\">instagram.com\/namasteilha<\/a><\/p>\n\n\n\n<p class=\"has-text-color\" style=\"color:#3d1804\">Facebook \u2013 <a href=\"https:\/\/www.facebook.com\/pousadanamaste\" data-type=\"URL\" data-id=\"https:\/\/www.facebook.com\/pousadanamaste\">facebook.com\/pousadanamaste<\/a><\/p>\n","protected":false},"excerpt":{"rendered":"<p>Voc\u00ea pode solicitar o seu or\u00e7amento atrav\u00e9s dos nossos canais de comunica\u00e7\u00e3o: E-mail : pousada.namaste@hotmail.com Telefone\/Whatsapp: +55 13 98168-8868 Para um atendimento mais \u00e1gil, voc\u00ea pode enviar as seguintes informa\u00e7\u00f5es: \u00b7 &nbsp; &nbsp; &nbsp; &nbsp; Datas de Entrada e Sa\u00edda; \u00b7 &nbsp; &nbsp; &nbsp; &nbsp; Quantidade de pessoas (caso haja crian\u00e7as informar idade); \u00b7 &nbsp; [&hellip;]<\/p>\n","protected":false},"author":2,"featured_media":0,"parent":0,"menu_order":0,"comment_status":"closed","ping_status":"closed","template":"","meta":{"jetpack_post_was_ever_published":false,"footnotes":""},"class_list":["post-736","page","type-page","status-publish","hentry"],"jetpack_sharing_enabled":true,"jetpack_likes_enabled":true,"jetpack-related-posts":[],"jetpack_shortlink":"https:\/\/wp.me\/PbpOwH-bS","_links":{"self":[{"href":"https:\/\/namaste.eco.br\/index.php\/wp-json\/wp\/v2\/pages\/736","targetHints":{"allow":["GET"]}}],"collection":[{"href":"https:\/\/namaste.eco.br\/index.php\/wp-json\/wp\/v2\/pages"}],"about":[{"href":"https:\/\/namaste.eco.br\/index.php\/wp-json\/wp\/v2\/types\/page"}],"author":[{"embeddable":true,"href":"https:\/\/namaste.eco.br\/index.php\/wp-json\/wp\/v2\/users\/2"}],"replies":[{"embeddable":true,"href":"https:\/\/namaste.eco.br\/index.php\/wp-json\/wp\/v2\/comments?post=736"}],"version-history":[{"count":0,"href":"https:\/\/namaste.eco.br\/index.php\/wp-json\/wp\/v2\/pages\/736\/revisions"}],"wp:attachment":[{"href":"https:\/\/namaste.eco.br\/index.php\/wp-json\/wp\/v2\/media?parent=736"}],"curies":[{"name":"wp","href":"https:\/\/api.w.org\/{rel}","templated":true}]}}